{"id":9711,"date":"2023-04-13T21:29:10","date_gmt":"2023-04-13T19:29:10","guid":{"rendered":"https:\/\/cuzziolgrandivini.it\/privacy-policy\/"},"modified":"2023-04-13T21:29:10","modified_gmt":"2023-04-13T19:29:10","slug":"privacy-policy","status":"publish","type":"page","link":"https:\/\/cuzziolgrandivini.it\/en\/privacy-policy\/","title":{"rendered":"Privacy Policy"},"content":{"rendered":"<p><strong>Informativa sulla Privacy<\/strong><\/p>\n<p>Cuzziol GrandiVini srl da sempre \u00e8 attenta alla tutela della privacy dei propri utenti e clienti.<br \/>\nUtilizzando questo sito web e inviandoci i tuoi dati personali acconsenti al fatto che Cuzziol GrandiVini srl tratter\u00e0 le tue informazioni personali nel rispetto delle disposizioni di cui al D.Lgs. 169\/2003 in materia di protezione dei dati personali e del Regolamento UE n. 2016\/679 (anche definito GDPR).<\/p>\n<p><strong>Principi base dell\u2019informativa sulla Privacy di Cuzziol GrandiVini srl<\/strong><\/p>\n<p>1. Trattare i dati esclusivamente per le finalit\u00e0 e secondo le modalit\u00e0 illustrate nell\u2019informativa.<br \/>\n2. Rispondere alle richieste di verifica, di cancellazione, di modifica, di integrazione dei dati forniti, di opposizione al trattamento dei dati per fini di invio di informazioni commerciali e pubblicitarie.<br \/>\n3. Assicurare una corretta e lecita gestione dei tuoi dati, salvaguardando la tua privacy, applicando misure idonee di sicurezza a tutela della riservatezza, dell\u2019integrit\u00e0 e della disponibilit\u00e0 dei dati conferiti.<\/p>\n<p><strong>Titolare del trattamento dei dati personali \u00a0<\/strong><\/p>\n<p>Titolare del trattamento dei dati personali \u00e8 Cuzziol GrandiVini srl, con sede legale a Santa Lucia di Piave (TV), via Serenissima, 19 \u2013 C.F.\/P.IVA 04711220261, mail: <a href=\"mailto:info@cuzziolgrandivini.it\">info@cuzziolgrandivini.it<\/a><\/p>\n<p><strong>Finalit\u00e0 del trattamento e natura del conferimento dei dati personali<\/strong><\/p>\n<p>I dati personali, liberamente comunicati a Cuzziol GrandiVini srl, saranno trattati da quest\u2019ultima nella pi\u00f9 assoluta garanzia di liceit\u00e0 e correttezza per le seguenti finalit\u00e0.<\/p>\n<p><strong>a. Senza il consenso espresso dell\u2019utente:<\/strong>\u00a0i dati verranno raccolti e utilizzati esclusivamente per finalit\u00e0 direttamente connesse e strumentali all\u2019esecuzione della richiesta di contatto inoltrata dall\u2019utente, all\u2019attivazione del servizio richiesto mediante la compilazione del relativo form su questo sito, per l\u2019adempimento agli obblighi contrattuali e di quelli previsti dalla legge nazionale e comunitaria e ai fini dell\u2019esercizio dei propri diritti in sede giudiziaria.<br \/>\nL\u2019utente \u00e8 informato che Cuzziol GrandiVini srl per poter adempiere alla predetta richiesta inoltrata e agli obblighi contrattuali assunti, come indicato nella lettera a., dovr\u00e0 trattare i dati personali forniti e pertanto il conferimento dei dati richiesti per tale scopo \u00e8 obbligatorio. Il mancato conferimento dei dati personali comporta l\u2019impossibilit\u00e0 di ricevere la prestazione richiesta.<\/p>\n<p><strong>b. Solo previo consenso dell\u2019utente:<\/strong>\u00a0i dati personali conferiti, ed in particolare l\u2019indirizzo di posta cartacea e l\u2019indirizzo di posta elettronica, verranno utilizzati da Cuzziol GrandiVini srl per l\u2019invio, con modalit\u00e0 tradizionali di contatto o sistemi automatizzati e informatici, di materiali e informazioni di carattere commerciale, pubblicitario e promozionale inerenti esclusivamente la nostra societ\u00e0.<br \/>\nLa prestazione del consenso al trattamento per le finalit\u00e0 indicate alla lettera b. \u00e8 facoltativa e l\u2019eventuale rifiuto del consenso non pregiudicher\u00e0 la possibilit\u00e0 di ricevere la prestazione richiesta.<br \/>\nIn ogni caso dopo aver prestato il consenso l\u2019utente pu\u00f2 in qualsiasi momento opporsi alle finalit\u00e0 di cui alla lettera b. nelle modalit\u00e0 descritte al punto 7, senza pregiudizio per l\u2019erogazione della prestazione richiesta o della liceit\u00e0 del trattamento basata sul consenso prestato prima della revoca.<br \/>\nL\u2019esercizio del diritto di opposizione al trattamento dei dati per le finalit\u00e0 di cui alla lettera b. mediante modalit\u00e0 automatizzate e assimilate si estende anche al trattamento con modalit\u00e0 tradizionali, restando comunque salva la possibilit\u00e0 di esercitare tale diritto anche solo per una determinata modalit\u00e0 di contatto.<\/p>\n<p><strong>Modalit\u00e0 del trattamento \u00a0<\/strong><\/p>\n<p>Cuzziol GrandiVini srl raccoglie presso di s\u00e9 i dati personali forniti mediante strumenti cartacei, informatici e telematici, garantendo che il relativo trattamento, effettuato anche mediante strumenti elettronici e automatizzati, avvenga nel rispetto dei principi di integrit\u00e0, disponibilit\u00e0, sicurezza e riservatezza dei dati stessi, attraverso misure che impediscono l\u2019accesso ai dati medesimi a persone non autorizzate al trattamento, nonch\u00e9 per il perseguimento di scopi determinati, leciti e espliciti. Il trattamento consiste nella raccolta dei dati presso l\u2019interessato, nella registrazione, nell\u2019utilizzo e nella conservazione per scopi espliciti, determinati e legittimi e in ulteriori operazioni di trattamento in termini compatibili con gli scopi e le finalit\u00e0 dichiarate al punto 3.<\/p>\n<p><strong>Base giuridica che legittima il trattamento dei dati personali<\/strong><\/p>\n<p>La base giuridica del trattamento \u00e8 costituita dalla soddisfazione di una richiesta dell\u2019interessato inoltrata mediante compilazione di form o invio di mail, nonch\u00e9 dall\u2019adempimento degli obblighi contrattuali assunti e da quelli derivanti dalle disposizioni di legge in materia civile, fiscale, tributaria, oltre che dal consenso dell\u2019utente.<\/p>\n<p><strong>Comunicazione ed eventuali destinatari dei dati personali \u00a0<\/strong><\/p>\n<p>Ferme restando le comunicazioni eseguite in adempimento di obblighi di legge e contrattuali e della richiesta di contatto, tutti i dati raccolti ed elaborati potranno essere comunicati esclusivamente per le finalit\u00e0 sopra specificate alle seguenti categorie di interessati:<br \/>\n&#8211; consulenti commerciali;<br \/>\n&#8211; contabili ed amministrativi;<br \/>\n&#8211; fornitori.<br \/>\nTali dati saranno comunicati a terzi solo per adempiere ad obblighi di legge, per rispettare ordini provenienti da pubbliche autorit\u00e0 ovvero per esercitare un diritto in sede giudiziaria, e comunque nei casi previsti dell\u2019art. 2 comma a) del Regolamento UE n. 2016\/679. In ogni caso Cuzziol GrandiVini srl non ceder\u00e0 i dati forniti dall\u2019utente a terzi, n\u00e9 li trasferir\u00e0 al di fuori dell\u2019Unione Europea.<\/p>\n<p><strong>Diritti dell\u2019utente e modalit\u00e0 di esercizio degli stessi \u00a0<\/strong><\/p>\n<p>L\u2019utente \u00e8 informato che ha diritto di:<br \/>\na. accedere ai dati personali;<br \/>\nb. conoscere l\u2019esistenza di trattamenti di dati personali che possano riguardarlo;<br \/>\nc. essere informato sugli scopi del trattamento e la destinazione dei dati;<br \/>\nd. ottenere la conferma dei dati che lo riguardano, la cancellazione, la limitazione del trattamento o oblio, la trasformazione o il blocco dei dati trattati in violazione di legge, l\u2019aggiornamento, la rettifica, l\u2019integrazione e la portabilit\u00e0 dei dati;<br \/>\ne. opporsi al trattamento dei dati per motivi legittimi o se il trattamento \u00e8 effettuato per motivi di informazioni commerciali, di invio di materiale pubblicitario, di vendita o per il compimento di ricerche di mercato;<br \/>\nf. proporre reclamo a un\u2019autorit\u00e0 di controllo.<br \/>\nAi fini dell\u2019esercizio di questi diritti, l\u2019utente pu\u00f2 inoltrare gratuitamente la relativa richiesta al seguente indirizzo email:\u00a0<a href=\"mailto:info@cuzziolgrandivini.it\" target=\"_blank\" rel=\"noopener\">info@cuzziolgrandivini.it<\/a><\/p>\n<p><strong>Durata del trattamento dei dati personali<\/strong><\/p>\n<p>I dati conferiti verranno trattati e conservati per il tempo necessario ai fini dell\u2019esecuzione della soddisfazione della richiesta inoltrata e per l\u2019ulteriore periodo previsto dalla normativa vigente ai fini dell\u2019adempimento degli obblighi di natura civilistica, contabile e tributaria.<br \/>\nPer il perseguimento degli scopi di cui al punto 3 lett. b. il trattamento avr\u00e0 una durata di 24 mesi decorrenti dalla data del conferimento del consenso.<br \/>\nI dati di chi non acquisti servizi, pur avendo avuto un precedente contatto con dei rappresentanti dell\u2019azienda in occasione del quale ha conferito i propri dati personali, saranno immediatamente cancellati o trattati in forma anonima, ove la loro conservazione non risulti altrimenti giustificata, salvo che sia stato acquisito validamente il consenso informato degli interessati relativo ad una successiva attivit\u00e0 di promozione commerciale o ricerca di mercato.<\/p>\n<p>&nbsp;<\/p>\n","protected":false},"excerpt":{"rendered":"<p>Informativa sulla Privacy Cuzziol GrandiVini srl da sempre \u00e8 attenta alla tutela della privacy dei propri utenti e clienti. Utilizzando questo sito web e inviandoci i tuoi dati personali acconsenti al fatto che Cuzziol GrandiVini srl tratter\u00e0 le tue informazioni personali nel rispetto delle disposizioni di cui al D.Lgs. 169\/2003 in materia di protezione dei [&hellip;]<\/p>\n","protected":false},"author":1,"featured_media":0,"parent":0,"menu_order":0,"comment_status":"closed","ping_status":"closed","template":"","meta":{"_acf_changed":false,"footnotes":""},"class_list":["post-9711","page","type-page","status-publish","hentry"],"acf":[],"_links":{"self":[{"href":"https:\/\/cuzziolgrandivini.it\/en\/wp-json\/wp\/v2\/pages\/9711","targetHints":{"allow":["GET"]}}],"collection":[{"href":"https:\/\/cuzziolgrandivini.it\/en\/wp-json\/wp\/v2\/pages"}],"about":[{"href":"https:\/\/cuzziolgrandivini.it\/en\/wp-json\/wp\/v2\/types\/page"}],"author":[{"embeddable":true,"href":"https:\/\/cuzziolgrandivini.it\/en\/wp-json\/wp\/v2\/users\/1"}],"replies":[{"embeddable":true,"href":"https:\/\/cuzziolgrandivini.it\/en\/wp-json\/wp\/v2\/comments?post=9711"}],"version-history":[{"count":0,"href":"https:\/\/cuzziolgrandivini.it\/en\/wp-json\/wp\/v2\/pages\/9711\/revisions"}],"wp:attachment":[{"href":"https:\/\/cuzziolgrandivini.it\/en\/wp-json\/wp\/v2\/media?parent=9711"}],"curies":[{"name":"wp","href":"https:\/\/api.w.org\/{rel}","templated":true}]}}